{"id":389,"date":"2023-11-21T16:58:14","date_gmt":"2023-11-21T15:58:14","guid":{"rendered":"http:\/\/varquesrestaurante.es\/?page_id=389"},"modified":"2024-11-22T13:22:33","modified_gmt":"2024-11-22T12:22:33","slug":"reserveringen","status":"publish","type":"page","link":"https:\/\/varquesrestaurante.es\/nl\/reserveringen","title":{"rendered":"Reserveringen"},"content":{"rendered":"<div data-elementor-type=\"wp-page\" data-elementor-id=\"389\" class=\"elementor elementor-389\" data-elementor-post-type=\"page\">\n\t\t\t\t<div class=\"elementor-element elementor-element-61bd29a e-con-full e-flex e-con e-parent\" data-id=\"61bd29a\" data-element_type=\"container\" data-e-type=\"container\" data-settings=\"{&quot;background_background&quot;:&quot;classic&quot;}\">\n\t\t\t\t<div class=\"elementor-element elementor-element-9102703 elementor--h-position-center elementor--v-position-middle elementor-widget elementor-widget-slides\" data-id=\"9102703\" data-element_type=\"widget\" data-e-type=\"widget\" data-settings=\"{&quot;navigation&quot;:&quot;none&quot;,&quot;autoplay&quot;:&quot;yes&quot;,&quot;pause_on_hover&quot;:&quot;yes&quot;,&quot;pause_on_interaction&quot;:&quot;yes&quot;,&quot;autoplay_speed&quot;:5000,&quot;infinite&quot;:&quot;yes&quot;,&quot;transition&quot;:&quot;slide&quot;,&quot;transition_speed&quot;:500}\" data-widget_type=\"slides.default\">\n\t\t\t\t<div class=\"elementor-widget-container\">\n\t\t\t\t\t\t\t\t\t<div class=\"elementor-swiper\">\n\t\t\t\t\t<div class=\"elementor-slides-wrapper elementor-main-swiper swiper\" role=\"region\" aria-roledescription=\"carousel\" aria-label=\"Dia&#039;s\" dir=\"ltr\" data-animation=\"fadeInUp\">\n\t\t\t\t<div class=\"swiper-wrapper elementor-slides\">\n\t\t\t\t\t\t\t\t\t\t<div class=\"elementor-repeater-item-322f949 swiper-slide\" role=\"group\" aria-roledescription=\"slide\"><div class=\"swiper-slide-bg\" role=\"img\" aria-label=\"Reserveringen\"><\/div><div class=\"elementor-background-overlay\"><\/div><div class=\"swiper-slide-inner\" ><div class=\"swiper-slide-contents\"><h1 class=\"elementor-slide-heading\">Reserveringen<\/h1><\/div><\/div><\/div>\t\t\t\t<\/div>\n\t\t\t\t\t\t\t<\/div>\n\t\t\t\t<\/div>\n\t\t\t\t\t\t\t\t<\/div>\n\t\t\t\t<\/div>\n\t\t\t\t<\/div>\n\t\t<div class=\"elementor-element elementor-element-1636a83 e-con-full e-flex e-con e-parent\" data-id=\"1636a83\" data-element_type=\"container\" data-e-type=\"container\">\n\t\t\t\t<div class=\"elementor-element elementor-element-a9146f8 elementor-widget elementor-widget-heading\" data-id=\"a9146f8\" data-element_type=\"widget\" data-e-type=\"widget\" data-widget_type=\"heading.default\">\n\t\t\t\t<div class=\"elementor-widget-container\">\n\t\t\t\t\t<h2 class=\"elementor-heading-title elementor-size-default\">Reserveer uw tafel<\/h2>\t\t\t\t<\/div>\n\t\t\t\t<\/div>\n\t\t\t\t<div class=\"elementor-element elementor-element-7544c27 elementor-view-default elementor-widget elementor-widget-icon\" data-id=\"7544c27\" data-element_type=\"widget\" data-e-type=\"widget\" data-widget_type=\"icon.default\">\n\t\t\t\t<div class=\"elementor-widget-container\">\n\t\t\t\t\t\t\t<div class=\"elementor-icon-wrapper\">\n\t\t\t<div class=\"elementor-icon\">\n\t\t\t<svg aria-hidden=\"true\" class=\"e-font-icon-svg e-fas-asterisk\" viewbox=\"0 0 512 512\" xmlns=\"http:\/\/www.w3.org\/2000\/svg\"><path d=\"M478.21 334.093L336 256l142.21-78.093c11.795-6.477 15.961-21.384 9.232-33.037l-19.48-33.741c-6.728-11.653-21.72-15.499-33.227-8.523L296 186.718l3.475-162.204C299.763 11.061 288.937 0 275.48 0h-38.96c-13.456 0-24.283 11.061-23.994 24.514L216 186.718 77.265 102.607c-11.506-6.976-26.499-3.13-33.227 8.523l-19.48 33.741c-6.728 11.653-2.562 26.56 9.233 33.037L176 256 33.79 334.093c-11.795 6.477-15.961 21.384-9.232 33.037l19.48 33.741c6.728 11.653 21.721 15.499 33.227 8.523L216 325.282l-3.475 162.204C212.237 500.939 223.064 512 236.52 512h38.961c13.456 0 24.283-11.061 23.995-24.514L296 325.282l138.735 84.111c11.506 6.976 26.499 3.13 33.227-8.523l19.48-33.741c6.728-11.653 2.563-26.559-9.232-33.036z\"><\/path><\/svg>\t\t\t<\/div>\n\t\t<\/div>\n\t\t\t\t\t\t<\/div>\n\t\t\t\t<\/div>\n\t\t\t\t<div class=\"elementor-element elementor-element-f16e7a0 elementor-widget elementor-widget-spacer\" data-id=\"f16e7a0\" data-element_type=\"widget\" data-e-type=\"widget\" data-widget_type=\"spacer.default\">\n\t\t\t\t<div class=\"elementor-widget-container\">\n\t\t\t\t\t\t\t<div class=\"elementor-spacer\">\n\t\t\t<div class=\"elementor-spacer-inner\"><\/div>\n\t\t<\/div>\n\t\t\t\t\t\t<\/div>\n\t\t\t\t<\/div>\n\t\t\t\t<\/div>\n\t\t<div class=\"elementor-element elementor-element-c6565aa e-flex e-con-boxed e-con e-parent\" data-id=\"c6565aa\" data-element_type=\"container\" data-e-type=\"container\">\n\t\t\t\t\t<div class=\"e-con-inner\">\n\t\t\t\t<div class=\"elementor-element elementor-element-7440b52 elementor-widget elementor-widget-html\" data-id=\"7440b52\" data-element_type=\"widget\" data-e-type=\"widget\" data-widget_type=\"html.default\">\n\t\t\t\t<div class=\"elementor-widget-container\">\n\t\t\t\t\t<script type=\"text\/javascript\"\n                                                                                               src=\"https:\/\/www.covermanager.com\/js\/iframeResizer.min.js\"><\/script><iframe\n                                                                    id=\"restaurante-varques\" title=\"Reserveringen\"\n                                                                    src=\"https:\/\/www.covermanager.com\/reservation\/module_restaurant\/restaurante-varques\/spanish\"\n                                                                    frameborder=\"0\" height=\"550\" width=\"100%\" onload=\"iFrameResize();\"><\/iframe>\t\t\t\t<\/div>\n\t\t\t\t<\/div>\n\t\t\t\t\t<\/div>\n\t\t\t\t<\/div>\n\t\t<div class=\"elementor-element elementor-element-5f8bd5c elementor-hidden-desktop elementor-hidden-tablet elementor-hidden-mobile e-flex e-con-boxed e-con e-parent\" data-id=\"5f8bd5c\" data-element_type=\"container\" data-e-type=\"container\">\n\t\t\t\t\t<div class=\"e-con-inner\">\n\t\t\t\t<div class=\"elementor-element elementor-element-f05ee41 elementor-widget elementor-widget-heading\" data-id=\"f05ee41\" data-element_type=\"widget\" data-e-type=\"widget\" data-widget_type=\"heading.default\">\n\t\t\t\t<div class=\"elementor-widget-container\">\n\t\t\t\t\t<h2 class=\"elementor-heading-title elementor-size-default\">Boek een restaurant in ruzafa<\/h2>\t\t\t\t<\/div>\n\t\t\t\t<\/div>\n\t\t\t\t<div class=\"elementor-element elementor-element-e3fed08 elementor-widget elementor-widget-heading\" data-id=\"e3fed08\" data-element_type=\"widget\" data-e-type=\"widget\" data-widget_type=\"heading.default\">\n\t\t\t\t<div class=\"elementor-widget-container\">\n\t\t\t\t\t<h2 class=\"elementor-heading-title elementor-size-default\">Boek reserveringen voor restaurants in valencia<\/h2>\t\t\t\t<\/div>\n\t\t\t\t<\/div>\n\t\t\t\t<div class=\"elementor-element elementor-element-7b9d6b8 elementor-widget elementor-widget-heading\" data-id=\"7b9d6b8\" data-element_type=\"widget\" data-e-type=\"widget\" data-widget_type=\"heading.default\">\n\t\t\t\t<div class=\"elementor-widget-container\">\n\t\t\t\t\t<h2 class=\"elementor-heading-title elementor-size-default\">Restaurant reserveren valencia<\/h2>\t\t\t\t<\/div>\n\t\t\t\t<\/div>\n\t\t\t\t\t<\/div>\n\t\t\t\t<\/div>\n\t\t<div class=\"elementor-element elementor-element-d02858b elementor-hidden-desktop elementor-hidden-tablet elementor-hidden-mobile e-flex e-con-boxed e-con e-parent\" data-id=\"d02858b\" data-element_type=\"container\" data-e-type=\"container\">\n\t\t\t\t\t<div class=\"e-con-inner\">\n\t\t\t\t<div class=\"elementor-element elementor-element-b5c60b4 elementor-widget elementor-widget-text-editor\" data-id=\"b5c60b4\" data-element_type=\"widget\" data-e-type=\"widget\" data-widget_type=\"text-editor.default\">\n\t\t\t\t<div class=\"elementor-widget-container\">\n\t\t\t\t\t\t\t\t\t<p>Welkom op de boekingspagina van <a href=\"https:\/\/varquesrestaurante.es\/nl\/\">Restaurant Varqu\u00e9s<\/a>, een culinaire hotspot in de levendige buurt van <a title=\"Ruzafa, Valencia\" href=\"https:\/\/www.google.com\/search?q=ruzafa+valencia\" target=\"_blank\" rel=\"noopener\">Ruzafa, Valencia<\/a>. In Varqu\u00e9s zijn we toegewijd aan het bieden van een onvergetelijke gastronomische ervaring, waarbij in elk gerecht traditie en moderniteit samensmelten. Hier vertellen we je alles wat je moet weten om te reserveren en te genieten van een uitzonderlijke avond.<\/p><h2>Waarom kiezen voor Varqu\u00e9s Restaurant?<\/h2><p>Restaurant Varqu\u00e9s onderscheidt zich door de gastvrije sfeer en het innovatieve gastronomische voorstel. Gelegen in het hart van Ruzafa, een van de meest dynamische en culturele wijken van Valencia, is ons restaurant de perfecte plek om te genieten van een speciale lunch of diner. Van onze voorgerechten tot onze desserts, elk gerecht is zorgvuldig bereid met verse ingredi\u00ebnten van hoge kwaliteit.<\/p><p>Onze chef-kok, die een uitgebreide achtergrond heeft in de mediterrane keuken, heeft een <a href=\"https:\/\/varquesrestaurante.es\/nl\/brief\/\">brief<\/a> dat zich onderscheidt door zijn creativiteit en respect voor culinaire tradities. Emblematische gerechten zoals paella, zachte rijst en vissouquet worden in Varqu\u00e9s opnieuw uitgevonden om je unieke en verrassende smaken te bieden.<\/p><h2>Reserveringen bij Restaurant Varqu\u00e9s<\/h2><h3>Hoe maak je een reservering<\/h3><p>Reserveren bij Varqu\u00e9s Restaurant is heel eenvoudig. We hebben voor uw gemak een snel en gemakkelijk te gebruiken online reserveringssysteem ontworpen. Volg deze stappen om een tafel te reserveren:<\/p><p>Bezoek onze website: Ga naar het boekingsgedeelte op onze offici\u00eble website.<br \/>Kies de datum en tijd: Kies de dag en tijd waarop je ons wilt bezoeken. Vergeet niet dat we, vooral in het weekend en op feestdagen, aanraden van tevoren te reserveren om je tafel vast te zetten.<br \/>Geef het aantal gasten op: Ons systeem geeft je de mogelijkheid om het aantal aanwezigen op te geven.<br \/>Geef je contactgegevens op: Vul je naam, telefoonnummer en e-mailadres in. Met deze gegevens kunnen we je boeking bevestigen en je op de hoogte houden van eventuele problemen.<br \/>Bevestig je boeking: Controleer je boekingsgegevens en bevestig. Je ontvangt een bevestigingsmail met alle benodigde informatie.<\/p><h2>Annuleringsvoorwaarden<\/h2><p>Bij Restaurant Varqu\u00e9s begrijpen we dat er zich onvoorziene omstandigheden kunnen voordoen. Daarom hanteren we een flexibel annuleringsbeleid. Als u uw reservering wilt annuleren of wijzigen, vragen we u dit ten minste 24 uur van tevoren te doen. U kunt uw wijzigingen doorgeven via de link in de bevestigingsmail of door rechtstreeks telefonisch contact met ons op te nemen.<\/p><h2>Evenementen en Groepsreserveringen<\/h2><p>Als je een speciaal evenement of een groepsbijeenkomst plant, is restaurant Varqu\u00e9s de ideale plek. We hebben priv\u00e9- en semi-priv\u00e9ruimten die aan uw wensen kunnen worden aangepast. Van familiefeesten tot bedrijfsevenementen, ons team staat klaar om u een persoonlijke service te bieden en ervoor te zorgen dat uw evenement een succes wordt.<\/p><p>Voor groepsreserveringen of speciale evenementen raden we je aan rechtstreeks contact op te nemen met ons reserveringsteam via het e-mailadres of telefoonnummer op onze website. We helpen je graag met het plannen van elk detail en het cre\u00ebren van een unieke ervaring voor jou en je gasten.<\/p><p>Restaurant Varqu\u00e9s en de Ruzafa Experience<br \/>Ruzafa staat bekend om zijn bohemienachtige sfeer en bruisende nachtleven. Nadat je hebt genoten van een heerlijk diner in Varqu\u00e9s, nodigen we je uit om deze charmante buurt te verkennen. Van kunstgalerie\u00ebn en boetiekjes tot trendy bars en livemuziekpodia, Ruzafa heeft voor elk wat wils.<\/p><p>In Varqu\u00e9s willen we je niet alleen uitzonderlijk eten bieden, maar ook deel uitmaken van jouw ervaring in Valencia. Ons personeel adviseert je graag over bezienswaardigheden en activiteiten in de omgeving.<\/p><p>Veiligheidsmaatregelen<br \/>Bij Restaurant Varqu\u00e9s is uw veiligheid onze prioriteit. We hebben strenge hygi\u00ebne- en veiligheidsmaatregelen ge\u00efmplementeerd om ervoor te zorgen dat uw bezoek veilig en aangenaam is. Ons personeel volgt strikte schoonmaak- en desinfectieprotocollen en we hebben onze ruimte aangepast om sociale afstand te garanderen. Wij danken u voor uw begrip en medewerking bij het naleven van deze maatregelen.<\/p><p>Neem contact met ons op<br \/>Aarzel niet om contact met ons op te nemen als je aanvullende vragen hebt of hulp nodig hebt bij je reservering. Onze klantenservice staat klaar om u te helpen en ervoor te zorgen dat uw ervaring in restaurant Varqu\u00e9s onvergetelijk is.<\/p><p>Telefoon: +34 673 675 419<br \/>Adres: <a title=\"Google maps pagina - Varqu\u00e9s Restaurant\" href=\"https:\/\/maps.app.goo.gl\/DPXkSHyeH58a52hG6?g_st=com.google.maps\" rel=\"nofollow noopener\" target=\"_blank\">Calle de Moss\u00e8n Femenia, 15 bajo dcha, Valencia, Spanje<\/a><br \/>We kijken ernaar uit om je binnenkort te verwelkomen in Varqu\u00e9s Restaurante en je een onvergetelijke eetervaring te bieden in het hart van Ruzafa!<\/p>\t\t\t\t\t\t\t\t<\/div>\n\t\t\t\t<\/div>\n\t\t\t\t\t<\/div>\n\t\t\t\t<\/div>\n\t\t\t\t<\/div>","protected":false},"excerpt":{"rendered":"<p>Reservas Reserva tu mesa Reservar restaurante en ruzafa Reservar restaurante en valencia Reserva restaurante valencia Bienvenidos a la p\u00e1gina de reservas de Varqu\u00e9s Restaurante, un rinc\u00f3n culinario en el vibrante barrio de Ruzafa, Valencia. En Varqu\u00e9s, nos dedicamos a ofrecer una experiencia gastron\u00f3mica inolvidable, fusionando tradici\u00f3n y modernidad en cada plato. A continuaci\u00f3n, te contamos [&hellip;]<\/p>\n","protected":false},"author":3,"featured_media":0,"parent":0,"menu_order":0,"comment_status":"closed","ping_status":"closed","template":"elementor_header_footer","meta":{"footnotes":""},"class_list":["post-389","page","type-page","status-publish","hentry"],"_links":{"self":[{"href":"https:\/\/varquesrestaurante.es\/nl\/wp-json\/wp\/v2\/pages\/389","targetHints":{"allow":["GET"]}}],"collection":[{"href":"https:\/\/varquesrestaurante.es\/nl\/wp-json\/wp\/v2\/pages"}],"about":[{"href":"https:\/\/varquesrestaurante.es\/nl\/wp-json\/wp\/v2\/types\/page"}],"author":[{"embeddable":true,"href":"https:\/\/varquesrestaurante.es\/nl\/wp-json\/wp\/v2\/users\/3"}],"replies":[{"embeddable":true,"href":"https:\/\/varquesrestaurante.es\/nl\/wp-json\/wp\/v2\/comments?post=389"}],"version-history":[{"count":40,"href":"https:\/\/varquesrestaurante.es\/nl\/wp-json\/wp\/v2\/pages\/389\/revisions"}],"predecessor-version":[{"id":1676,"href":"https:\/\/varquesrestaurante.es\/nl\/wp-json\/wp\/v2\/pages\/389\/revisions\/1676"}],"wp:attachment":[{"href":"https:\/\/varquesrestaurante.es\/nl\/wp-json\/wp\/v2\/media?parent=389"}],"curies":[{"name":"wp","href":"https:\/\/api.w.org\/{rel}","templated":true}]}}